{"id":12929,"date":"2023-02-15T17:10:44","date_gmt":"2023-02-15T17:10:44","guid":{"rendered":"https:\/\/mirolinnew.wpengine.com\/product\/non%20class\u00e9\/madison-4-multi-piece-shower\/"},"modified":"2026-02-13T19:57:44","modified_gmt":"2026-02-13T19:57:44","slug":"madison-4-multi-piece-shower","status":"publish","type":"product","link":"https:\/\/mirolin.com\/fr\/product\/douches\/madison-4-multi-piece-shower\/","title":{"rendered":"Douche multi-pi\u00e8ces Madison<sup>mc<\/sup> 4"},"content":{"rendered":"<p>Mirolin\u00ae showers offer you a full line of acrylic shower stalls. Available in seamless one piece and easy to install multi-piece units. These showers are ideal for any bathroom configuration.<\/p>\n<script>function getWR360PopupSkin(){return 'light_clean';}<\/script>","protected":false},"excerpt":{"rendered":"<h4>DESCRIPTION<\/h4>\n<p>Cabine de douche 50&Prime;<\/p>\n<h4>CARACT\u00c9RISTIQUES<\/h4>\n<ul>\n<li>Seuil bas de 4\u00a0pouces pour une entr\u00e9e et une sortie faciles<\/li>\n<li>\u00c9tag\u00e8res g\u00e9n\u00e9reuses<\/li>\n<li>Comprend une barre d&rsquo;appui en forme de \u00ab\u00a0S\u00a0\u00bb de couleur assortie<\/li>\n<li>Disponible avec ou sans si\u00e8ge<\/li>\n<li>Si\u00e8ge confort de 18\u00a0pouces<\/li>\n<li>Siphon central<\/li>\n<li>Comprend un siphon de sol chrom\u00e9<\/li>\n<li>Assemblage du syst\u00e8me Snap Fit sur plusieurs pi\u00e8ces<\/li>\n<li>Bas \u00e0 motif<\/li>\n<\/ul>\n","protected":false},"featured_media":8219,"template":"","meta":{"_acf_changed":false},"product_brand":[],"product_cat":[834],"product_tag":[],"class_list":{"0":"post-12929","1":"product","2":"type-product","3":"status-publish","4":"has-post-thumbnail","6":"product_cat-douches","7":"pa_ada-compliant-non","8":"pa_base-shape-rectangulaire","9":"pa_ceiling-oui","10":"pa_compatible-doors-hys44p-fr","11":"pa_dimensions-50-x-34-1-2-x-84-1-2-fr","12":"pa_drain-assembly-non","13":"pa_drain-finish-chrome-fr","14":"pa_drain-location-centre-fr-fr","15":"pa_drain-shape-rond","16":"pa_enclosure-shape-rectangulaire","17":"pa_faucet-holes-fd2-fr","18":"pa_function-douches","19":"pa_grab-bar-oui","20":"pa_height-214-6-fr","21":"pa_installation-type-alcove-fr","22":"pa_integrated-tile-flange-yes-fr","23":"pa_length-127-fr","24":"pa_lighting-non","25":"pa_number-of-pieces-3-fr","26":"pa_number-of-seats-1-fr","27":"pa_number-of-seats-aucun","28":"pa_number-of-shelves-4-fr","29":"pa_plumbing-droit","30":"pa_plumbing-gauche","31":"pa_primary-material-acrylique","32":"pa_seat-non","33":"pa_seat-oui","34":"pa_shower-base-oui","35":"pa_sloped-floor-oui","36":"pa_style-traditional-fr","37":"pa_sub-function-alcove-fr","38":"pa_surface-type-haute-brillance","39":"pa_textured-floor-yes-fr","40":"pa_weight-68-fr","41":"pa_whats-included-barres-dappui","42":"pa_whats-included-drain-fr","43":"pa_whats-included-etageres","44":"pa_width-87-6-fr","46":"first","47":"instock","48":"purchasable","49":"product-type-variable"},"acf":[],"aioseo_notices":[],"_links":{"self":[{"href":"https:\/\/mirolin.com\/fr\/wp-json\/wp\/v2\/product\/12929","targetHints":{"allow":["GET"]}}],"collection":[{"href":"https:\/\/mirolin.com\/fr\/wp-json\/wp\/v2\/product"}],"about":[{"href":"https:\/\/mirolin.com\/fr\/wp-json\/wp\/v2\/types\/product"}],"wp:featuredmedia":[{"embeddable":true,"href":"https:\/\/mirolin.com\/fr\/wp-json\/wp\/v2\/media\/8219"}],"wp:attachment":[{"href":"https:\/\/mirolin.com\/fr\/wp-json\/wp\/v2\/media?parent=12929"}],"wp:term":[{"taxonomy":"product_brand","embeddable":true,"href":"https:\/\/mirolin.com\/fr\/wp-json\/wp\/v2\/product_brand?post=12929"},{"taxonomy":"product_cat","embeddable":true,"href":"https:\/\/mirolin.com\/fr\/wp-json\/wp\/v2\/product_cat?post=12929"},{"taxonomy":"product_tag","embeddable":true,"href":"https:\/\/mirolin.com\/fr\/wp-json\/wp\/v2\/product_tag?post=12929"}],"curies":[{"name":"wp","href":"https:\/\/api.w.org\/{rel}","templated":true}]}}